{"id":11,"date":"2016-03-18T22:39:24","date_gmt":"2016-03-18T22:39:24","guid":{"rendered":"http:\/\/hkm-nuernberg.de\/?page_id=11"},"modified":"2016-04-13T20:48:05","modified_gmt":"2016-04-13T20:48:05","slug":"bolesnicko-pomazanje","status":"publish","type":"page","link":"http:\/\/hkm-nuernberg.de\/?page_id=11","title":{"rendered":"Bolesni\u010dko pomazanje"},"content":{"rendered":"<p><img decoding=\"async\" loading=\"lazy\" class=\"size-full wp-image-350 alignleft\" src=\"http:\/\/hkm-nuernberg.de\/wp-content\/uploads\/2016\/03\/bolesnicko-pomazanje.jpg\" alt=\"bolesnicko pomazanje\" width=\"211\" height=\"277\" \/><\/p>\n<p>Bolesnike za ispovjed, pri\u010dest i bolesni\u010dko pomazanje uvijek mo\u017eete prijaviti u Misiji u uredovno vrijeme ili poruku ostaviti na tel. sekretarici. Bolesnike u bolnici redovito poha\u0111amo po dogovoru.<\/p>\n<p>Isus je svojoj zajednici &#8211; Crkvi &#8211; povjerio da bude prisutna bolesnima i svima koji pate i da se za njih brine onako kako im je on bio prisutan i kako se on brinuo za njih.<\/p>\n<p>Sakrament bolesni\u010dkog pomazanja na poseban je na\u010din \u201cznak\u201d (simbol) susreta uskrslog Krista i njegove zajednice s bolesnikom. U tom se susretu o\u010dituju i darivaju pa\u017enja i ljubav Krista i njegove Crkve prema bolesnoj bra\u0107i.<\/p>\n","protected":false},"excerpt":{"rendered":"<p>Bolesnike za ispovjed, pri\u010dest i bolesni\u010dko pomazanje uvijek mo\u017eete prijaviti u Misiji u uredovno vrijeme ili poruku ostaviti na tel. sekretarici. Bolesnike u bolnici redovito poha\u0111amo po dogovoru. Isus je svojoj zajednici &#8211; Crkvi &#8211; povjerio da bude prisutna bolesnima i svima koji pate i da se za njih brine onako kako im je on [&hellip;]<\/p>\n","protected":false},"author":1,"featured_media":0,"parent":0,"menu_order":0,"comment_status":"closed","ping_status":"closed","template":"","meta":[],"_links":{"self":[{"href":"http:\/\/hkm-nuernberg.de\/index.php?rest_route=\/wp\/v2\/pages\/11"}],"collection":[{"href":"http:\/\/hkm-nuernberg.de\/index.php?rest_route=\/wp\/v2\/pages"}],"about":[{"href":"http:\/\/hkm-nuernberg.de\/index.php?rest_route=\/wp\/v2\/types\/page"}],"author":[{"embeddable":true,"href":"http:\/\/hkm-nuernberg.de\/index.php?rest_route=\/wp\/v2\/users\/1"}],"replies":[{"embeddable":true,"href":"http:\/\/hkm-nuernberg.de\/index.php?rest_route=%2Fwp%2Fv2%2Fcomments&post=11"}],"version-history":[{"count":5,"href":"http:\/\/hkm-nuernberg.de\/index.php?rest_route=\/wp\/v2\/pages\/11\/revisions"}],"predecessor-version":[{"id":353,"href":"http:\/\/hkm-nuernberg.de\/index.php?rest_route=\/wp\/v2\/pages\/11\/revisions\/353"}],"wp:attachment":[{"href":"http:\/\/hkm-nuernberg.de\/index.php?rest_route=%2Fwp%2Fv2%2Fmedia&parent=11"}],"curies":[{"name":"wp","href":"https:\/\/api.w.org\/{rel}","templated":true}]}}